{"id":1365,"date":"2026-04-07T23:27:33","date_gmt":"2026-04-07T23:27:33","guid":{"rendered":"https:\/\/gosmarina.com\/?page_id=1365"},"modified":"2026-04-10T16:00:11","modified_gmt":"2026-04-10T16:00:11","slug":"experiencia","status":"publish","type":"page","link":"http:\/\/gosmarina.com\/english\/experiencia\/","title":{"rendered":"Experience"},"content":{"rendered":"<div data-elementor-type=\"wp-page\" data-elementor-id=\"1365\" class=\"elementor elementor-1365\" data-elementor-post-type=\"page\">\n\t\t\t\t<div class=\"elementor-element elementor-element-c36f44e e-con-full e-flex e-con e-parent\" data-id=\"c36f44e\" data-element_type=\"container\" data-e-type=\"container\" data-settings=\"{&quot;background_background&quot;:&quot;classic&quot;}\">\n\t\t<div class=\"elementor-element elementor-element-e43e01a e-con-full e-flex e-con e-child\" data-id=\"e43e01a\" data-element_type=\"container\" data-e-type=\"container\" data-settings=\"{&quot;background_background&quot;:&quot;classic&quot;}\">\n\t\t\t\t<\/div>\n\t\t<div class=\"elementor-element elementor-element-59ee6b9 e-con-full e-flex e-con e-child\" data-id=\"59ee6b9\" data-element_type=\"container\" data-e-type=\"container\" data-settings=\"{&quot;background_background&quot;:&quot;classic&quot;}\">\n\t\t\t\t<div class=\"elementor-element elementor-element-5e3a230 animated-slow elementor-invisible elementor-widget elementor-widget-text-editor\" data-id=\"5e3a230\" data-element_type=\"widget\" data-e-type=\"widget\" data-settings=\"{&quot;_animation&quot;:&quot;fadeIn&quot;}\" data-widget_type=\"text-editor.default\">\n\t\t\t\t<div class=\"elementor-widget-container\">\n\t\t\t\t\t\t\t\t\t<p class=\"p1\">An experience designed down to every detail.<\/p>\t\t\t\t\t\t\t\t<\/div>\n\t\t\t\t<\/div>\n\t\t\t\t<div class=\"elementor-element elementor-element-65e228a animated-slow elementor-invisible elementor-widget elementor-widget-text-editor\" data-id=\"65e228a\" data-element_type=\"widget\" data-e-type=\"widget\" data-settings=\"{&quot;_animation&quot;:&quot;fadeIn&quot;}\" data-widget_type=\"text-editor.default\">\n\t\t\t\t<div class=\"elementor-widget-container\">\n\t\t\t\t\t\t\t\t\t<p>At GOS Marina, every detail is designed to offer a lifestyle that goes beyond navigation. A space where comfort, design, and connection with the sea come together.<\/p>\t\t\t\t\t\t\t\t<\/div>\n\t\t\t\t<\/div>\n\t\t\t\t<\/div>\n\t\t\t\t<\/div>\n\t\t<div class=\"elementor-element elementor-element-4b94624 elementor-hidden-desktop elementor-hidden-tablet_extra e-flex e-con-boxed e-con e-parent\" data-id=\"4b94624\" data-element_type=\"container\" data-e-type=\"container\" data-settings=\"{&quot;background_background&quot;:&quot;classic&quot;}\">\n\t\t\t\t\t<div class=\"e-con-inner\">\n\t\t\t\t<div class=\"elementor-element elementor-element-36d2501 animated-slow elementor-invisible elementor-widget elementor-widget-text-editor\" data-id=\"36d2501\" data-element_type=\"widget\" data-e-type=\"widget\" data-settings=\"{&quot;_animation&quot;:&quot;fadeIn&quot;}\" data-widget_type=\"text-editor.default\">\n\t\t\t\t<div class=\"elementor-widget-container\">\n\t\t\t\t\t\t\t\t\t<p>Services<\/p>\t\t\t\t\t\t\t\t<\/div>\n\t\t\t\t<\/div>\n\t\t\t\t\t<\/div>\n\t\t\t\t<\/div>\n\t\t<div class=\"elementor-element elementor-element-c246867 e-flex e-con-boxed e-con e-parent\" data-id=\"c246867\" data-element_type=\"container\" data-e-type=\"container\" data-settings=\"{&quot;background_background&quot;:&quot;classic&quot;}\">\n\t\t\t\t\t<div class=\"e-con-inner\">\n\t\t<div class=\"elementor-element elementor-element-9ff7c6d e-con-full e-flex e-con e-child\" data-id=\"9ff7c6d\" data-element_type=\"container\" data-e-type=\"container\">\n\t\t\t\t<div class=\"elementor-element elementor-element-3926fdf animated-slow elementor-invisible elementor-widget elementor-widget-text-editor\" data-id=\"3926fdf\" data-element_type=\"widget\" data-e-type=\"widget\" data-settings=\"{&quot;_animation&quot;:&quot;fadeIn&quot;}\" data-widget_type=\"text-editor.default\">\n\t\t\t\t<div class=\"elementor-widget-container\">\n\t\t\t\t\t\t\t\t\t<p class=\"p2\"><span style=\"text-decoration: underline;\">Security<\/span> 24\/7<\/p>\t\t\t\t\t\t\t\t<\/div>\n\t\t\t\t<\/div>\n\t\t\t\t<\/div>\n\t\t<div class=\"elementor-element elementor-element-c409a9b e-con-full e-flex e-con e-child\" data-id=\"c409a9b\" data-element_type=\"container\" data-e-type=\"container\">\n\t\t\t\t<div class=\"elementor-element elementor-element-6e6c1d6 animated-slow elementor-invisible elementor-widget elementor-widget-text-editor\" data-id=\"6e6c1d6\" data-element_type=\"widget\" data-e-type=\"widget\" data-settings=\"{&quot;_animation&quot;:&quot;fadeIn&quot;}\" data-widget_type=\"text-editor.default\">\n\t\t\t\t<div class=\"elementor-widget-container\">\n\t\t\t\t\t\t\t\t\t<p class=\"p3\"><span style=\"text-decoration: underline;\">Wifi<\/span> throughout the marina<\/p>\t\t\t\t\t\t\t\t<\/div>\n\t\t\t\t<\/div>\n\t\t\t\t<\/div>\n\t\t<div class=\"elementor-element elementor-element-37e3fe5 e-con-full e-flex e-con e-child\" data-id=\"37e3fe5\" data-element_type=\"container\" data-e-type=\"container\">\n\t\t\t\t<div class=\"elementor-element elementor-element-c11d2c2 animated-slow elementor-invisible elementor-widget elementor-widget-text-editor\" data-id=\"c11d2c2\" data-element_type=\"widget\" data-e-type=\"widget\" data-settings=\"{&quot;_animation&quot;:&quot;fadeIn&quot;}\" data-widget_type=\"text-editor.default\">\n\t\t\t\t<div class=\"elementor-widget-container\">\n\t\t\t\t\t\t\t\t\t<p class=\"p3\"><span style=\"text-decoration: underline;\">Dock Master<\/span> &amp; personalized service<\/p>\t\t\t\t\t\t\t\t<\/div>\n\t\t\t\t<\/div>\n\t\t\t\t<\/div>\n\t\t<div class=\"elementor-element elementor-element-aabf1af e-con-full e-flex e-con e-child\" data-id=\"aabf1af\" data-element_type=\"container\" data-e-type=\"container\">\n\t\t\t\t<div class=\"elementor-element elementor-element-ac58d62 animated-slow elementor-invisible elementor-widget elementor-widget-text-editor\" data-id=\"ac58d62\" data-element_type=\"widget\" data-e-type=\"widget\" data-settings=\"{&quot;_animation&quot;:&quot;fadeIn&quot;}\" data-widget_type=\"text-editor.default\">\n\t\t\t\t<div class=\"elementor-widget-container\">\n\t\t\t\t\t\t\t\t\t<p class=\"p3\"><span style=\"text-decoration: underline;\">On-site shuttle<br \/><\/span>(Golf Cart)<\/p>\t\t\t\t\t\t\t\t<\/div>\n\t\t\t\t<\/div>\n\t\t\t\t<\/div>\n\t\t<div class=\"elementor-element elementor-element-dc67916 e-con-full elementor-hidden-mobile elementor-hidden-tablet e-flex e-con e-child\" data-id=\"dc67916\" data-element_type=\"container\" data-e-type=\"container\">\n\t\t\t\t<div class=\"elementor-element elementor-element-f503fec animated-slow elementor-invisible elementor-widget elementor-widget-text-editor\" data-id=\"f503fec\" data-element_type=\"widget\" data-e-type=\"widget\" data-settings=\"{&quot;_animation&quot;:&quot;fadeIn&quot;}\" data-widget_type=\"text-editor.default\">\n\t\t\t\t<div class=\"elementor-widget-container\">\n\t\t\t\t\t\t\t\t\t<p>Services<\/p>\t\t\t\t\t\t\t\t<\/div>\n\t\t\t\t<\/div>\n\t\t\t\t<\/div>\n\t\t\t\t\t<\/div>\n\t\t\t\t<\/div>\n\t\t<div class=\"elementor-element elementor-element-e3d3a5f e-flex e-con-boxed e-con e-parent\" data-id=\"e3d3a5f\" data-element_type=\"container\" data-e-type=\"container\" data-settings=\"{&quot;background_background&quot;:&quot;classic&quot;}\">\n\t\t\t\t\t<div class=\"e-con-inner\">\n\t\t\t\t<div class=\"elementor-element elementor-element-0a05c6b animated-slow elementor-invisible elementor-widget elementor-widget-text-editor\" data-id=\"0a05c6b\" data-element_type=\"widget\" data-e-type=\"widget\" data-settings=\"{&quot;_animation&quot;:&quot;fadeIn&quot;}\" data-widget_type=\"text-editor.default\">\n\t\t\t\t<div class=\"elementor-widget-container\">\n\t\t\t\t\t\t\t\t\t<p class=\"p2\">Sustainable approach<\/p>\t\t\t\t\t\t\t\t<\/div>\n\t\t\t\t<\/div>\n\t\t\t\t<div class=\"elementor-element elementor-element-9dd7c2d animated-slow elementor-invisible elementor-widget elementor-widget-text-editor\" data-id=\"9dd7c2d\" data-element_type=\"widget\" data-e-type=\"widget\" data-settings=\"{&quot;_animation&quot;:&quot;fadeIn&quot;}\" data-widget_type=\"text-editor.default\">\n\t\t\t\t<div class=\"elementor-widget-container\">\n\t\t\t\t\t\t\t\t\t<p class=\"p1\">GOS Marina integrates environmentally responsible solutions:<\/p>\t\t\t\t\t\t\t\t<\/div>\n\t\t\t\t<\/div>\n\t\t\t\t<div class=\"elementor-element elementor-element-5c8afe7 elementor-align-center elementor-widget-tablet__width-initial elementor-icon-list--layout-traditional elementor-list-item-link-full_width elementor-widget elementor-widget-icon-list\" data-id=\"5c8afe7\" data-element_type=\"widget\" data-e-type=\"widget\" data-widget_type=\"icon-list.default\">\n\t\t\t\t<div class=\"elementor-widget-container\">\n\t\t\t\t\t\t\t<ul class=\"elementor-icon-list-items\">\n\t\t\t\t\t\t\t<li class=\"elementor-icon-list-item\">\n\t\t\t\t\t\t\t\t\t\t<span class=\"elementor-icon-list-text\">Direct wastewater extraction from vessels<\/span>\n\t\t\t\t\t\t\t\t\t<\/li>\n\t\t\t\t\t\t\t\t<li class=\"elementor-icon-list-item\">\n\t\t\t\t\t\t\t\t\t\t<span class=\"elementor-icon-list-text\">Service included with membership<\/span>\n\t\t\t\t\t\t\t\t\t<\/li>\n\t\t\t\t\t\t<\/ul>\n\t\t\t\t\t\t<\/div>\n\t\t\t\t<\/div>\n\t\t\t\t\t<\/div>\n\t\t\t\t<\/div>\n\t\t<div class=\"elementor-element elementor-element-edb321e e-con-full e-flex e-con e-parent\" data-id=\"edb321e\" data-element_type=\"container\" data-e-type=\"container\" data-settings=\"{&quot;background_background&quot;:&quot;classic&quot;}\">\n\t\t\t\t<div class=\"elementor-element elementor-element-cd7cdf0 animated-slow elementor-invisible elementor-widget elementor-widget-text-editor\" data-id=\"cd7cdf0\" data-element_type=\"widget\" data-e-type=\"widget\" data-settings=\"{&quot;_animation&quot;:&quot;fadeIn&quot;}\" data-widget_type=\"text-editor.default\">\n\t\t\t\t<div class=\"elementor-widget-container\">\n\t\t\t\t\t\t\t\t\t<p class=\"p1\">More than services, <em>an<\/em> <em>experience <\/em>designed for comfort, efficiency, and enjoyment.<\/p>\t\t\t\t\t\t\t\t<\/div>\n\t\t\t\t<\/div>\n\t\t\t\t<\/div>\n\t\t\t\t<\/div>","protected":false},"excerpt":{"rendered":"<p>Una experiencia pensada en cada detalle. En GOS Marina, cada detalle est\u00e1 pensado para ofrecer un estilo de vida que va m\u00e1s all\u00e1 de la navegaci\u00f3n. Un espacio donde el confort, el dise\u00f1o y la conexi\u00f3n con el mar se encuentran. SERVICIOS Seguridad 24\/7 Wifi en toda la marina Dock Master &amp; atenci\u00f3n personalizada Shuttle [&hellip;]<\/p>\n","protected":false},"author":1,"featured_media":0,"parent":0,"menu_order":0,"comment_status":"closed","ping_status":"closed","template":"elementor_header_footer","meta":{"footnotes":""},"class_list":["post-1365","page","type-page","status-publish","hentry"],"yoast_head":"<!-- This site is optimized with the Yoast SEO plugin v27.4 - https:\/\/yoast.com\/product\/yoast-seo-wordpress\/ -->\n<title>Experiencia - Gos Marina<\/title>\n<meta name=\"robots\" content=\"index, follow, max-snippet:-1, max-image-preview:large, max-video-preview:-1\" \/>\n<link rel=\"canonical\" href=\"https:\/\/gosmarina.com\/english\/experiencia\/\" \/>\n<meta property=\"og:locale\" content=\"en_US\" \/>\n<meta property=\"og:type\" content=\"article\" \/>\n<meta property=\"og:title\" content=\"Experiencia - Gos Marina\" \/>\n<meta property=\"og:description\" content=\"Una experiencia pensada en cada detalle. En GOS Marina, cada detalle est\u00e1 pensado para ofrecer un estilo de vida que va m\u00e1s all\u00e1 de la navegaci\u00f3n. Un espacio donde el confort, el dise\u00f1o y la conexi\u00f3n con el mar se encuentran. SERVICIOS Seguridad 24\/7 Wifi en toda la marina Dock Master &amp; atenci\u00f3n personalizada Shuttle [&hellip;]\" \/>\n<meta property=\"og:url\" content=\"https:\/\/gosmarina.com\/english\/experiencia\/\" \/>\n<meta property=\"og:site_name\" content=\"Gos Marina\" \/>\n<meta property=\"article:modified_time\" content=\"2026-04-10T16:00:11+00:00\" \/>\n<meta name=\"twitter:card\" content=\"summary_large_image\" \/>\n<meta name=\"twitter:label1\" content=\"Est. reading time\" \/>\n\t<meta name=\"twitter:data1\" content=\"1 minute\" \/>\n<script type=\"application\/ld+json\" class=\"yoast-schema-graph\">{\"@context\":\"https:\\\/\\\/schema.org\",\"@graph\":[{\"@type\":\"WebPage\",\"@id\":\"https:\\\/\\\/gosmarina.com\\\/experiencia\\\/\",\"url\":\"https:\\\/\\\/gosmarina.com\\\/experiencia\\\/\",\"name\":\"Experiencia - Gos Marina\",\"isPartOf\":{\"@id\":\"http:\\\/\\\/gosmarina.com\\\/#website\"},\"datePublished\":\"2026-04-07T23:27:33+00:00\",\"dateModified\":\"2026-04-10T16:00:11+00:00\",\"breadcrumb\":{\"@id\":\"https:\\\/\\\/gosmarina.com\\\/experiencia\\\/#breadcrumb\"},\"inLanguage\":\"en-US\",\"potentialAction\":[{\"@type\":\"ReadAction\",\"target\":[\"https:\\\/\\\/gosmarina.com\\\/experiencia\\\/\"]}]},{\"@type\":\"BreadcrumbList\",\"@id\":\"https:\\\/\\\/gosmarina.com\\\/experiencia\\\/#breadcrumb\",\"itemListElement\":[{\"@type\":\"ListItem\",\"position\":1,\"name\":\"Portada\",\"item\":\"https:\\\/\\\/gosmarina.com\\\/\"},{\"@type\":\"ListItem\",\"position\":2,\"name\":\"Experiencia\"}]},{\"@type\":\"WebSite\",\"@id\":\"http:\\\/\\\/gosmarina.com\\\/#website\",\"url\":\"http:\\\/\\\/gosmarina.com\\\/\",\"name\":\"Gos Marina\",\"description\":\"Yacht Marina\",\"publisher\":{\"@id\":\"http:\\\/\\\/gosmarina.com\\\/#organization\"},\"potentialAction\":[{\"@type\":\"SearchAction\",\"target\":{\"@type\":\"EntryPoint\",\"urlTemplate\":\"http:\\\/\\\/gosmarina.com\\\/?s={search_term_string}\"},\"query-input\":{\"@type\":\"PropertyValueSpecification\",\"valueRequired\":true,\"valueName\":\"search_term_string\"}}],\"inLanguage\":\"en-US\"},{\"@type\":\"Organization\",\"@id\":\"http:\\\/\\\/gosmarina.com\\\/#organization\",\"name\":\"Gos Marina\",\"url\":\"http:\\\/\\\/gosmarina.com\\\/\",\"logo\":{\"@type\":\"ImageObject\",\"inLanguage\":\"en-US\",\"@id\":\"http:\\\/\\\/gosmarina.com\\\/#\\\/schema\\\/logo\\\/image\\\/\",\"url\":\"http:\\\/\\\/gosmarina.com\\\/wp-content\\\/uploads\\\/2022\\\/10\\\/gosmarina-isotipo-02.png\",\"contentUrl\":\"http:\\\/\\\/gosmarina.com\\\/wp-content\\\/uploads\\\/2022\\\/10\\\/gosmarina-isotipo-02.png\",\"width\":702,\"height\":1556,\"caption\":\"Gos Marina\"},\"image\":{\"@id\":\"http:\\\/\\\/gosmarina.com\\\/#\\\/schema\\\/logo\\\/image\\\/\"}}]}<\/script>\n<!-- \/ Yoast SEO plugin. -->","yoast_head_json":{"title":"Experiencia - Gos Marina","robots":{"index":"index","follow":"follow","max-snippet":"max-snippet:-1","max-image-preview":"max-image-preview:large","max-video-preview":"max-video-preview:-1"},"canonical":"https:\/\/gosmarina.com\/english\/experiencia\/","og_locale":"en_US","og_type":"article","og_title":"Experiencia - Gos Marina","og_description":"Una experiencia pensada en cada detalle. En GOS Marina, cada detalle est\u00e1 pensado para ofrecer un estilo de vida que va m\u00e1s all\u00e1 de la navegaci\u00f3n. Un espacio donde el confort, el dise\u00f1o y la conexi\u00f3n con el mar se encuentran. SERVICIOS Seguridad 24\/7 Wifi en toda la marina Dock Master &amp; atenci\u00f3n personalizada Shuttle [&hellip;]","og_url":"https:\/\/gosmarina.com\/english\/experiencia\/","og_site_name":"Gos Marina","article_modified_time":"2026-04-10T16:00:11+00:00","twitter_card":"summary_large_image","twitter_misc":{"Est. reading time":"1 minute"},"schema":{"@context":"https:\/\/schema.org","@graph":[{"@type":"WebPage","@id":"https:\/\/gosmarina.com\/experiencia\/","url":"https:\/\/gosmarina.com\/experiencia\/","name":"Experiencia - Gos Marina","isPartOf":{"@id":"http:\/\/gosmarina.com\/#website"},"datePublished":"2026-04-07T23:27:33+00:00","dateModified":"2026-04-10T16:00:11+00:00","breadcrumb":{"@id":"https:\/\/gosmarina.com\/experiencia\/#breadcrumb"},"inLanguage":"en-US","potentialAction":[{"@type":"ReadAction","target":["https:\/\/gosmarina.com\/experiencia\/"]}]},{"@type":"BreadcrumbList","@id":"https:\/\/gosmarina.com\/experiencia\/#breadcrumb","itemListElement":[{"@type":"ListItem","position":1,"name":"Portada","item":"https:\/\/gosmarina.com\/"},{"@type":"ListItem","position":2,"name":"Experiencia"}]},{"@type":"WebSite","@id":"http:\/\/gosmarina.com\/#website","url":"http:\/\/gosmarina.com\/","name":"Gos Marina","description":"Yacht Marina","publisher":{"@id":"http:\/\/gosmarina.com\/#organization"},"potentialAction":[{"@type":"SearchAction","target":{"@type":"EntryPoint","urlTemplate":"http:\/\/gosmarina.com\/?s={search_term_string}"},"query-input":{"@type":"PropertyValueSpecification","valueRequired":true,"valueName":"search_term_string"}}],"inLanguage":"en-US"},{"@type":"Organization","@id":"http:\/\/gosmarina.com\/#organization","name":"Gos Marina","url":"http:\/\/gosmarina.com\/","logo":{"@type":"ImageObject","inLanguage":"en-US","@id":"http:\/\/gosmarina.com\/#\/schema\/logo\/image\/","url":"http:\/\/gosmarina.com\/wp-content\/uploads\/2022\/10\/gosmarina-isotipo-02.png","contentUrl":"http:\/\/gosmarina.com\/wp-content\/uploads\/2022\/10\/gosmarina-isotipo-02.png","width":702,"height":1556,"caption":"Gos Marina"},"image":{"@id":"http:\/\/gosmarina.com\/#\/schema\/logo\/image\/"}}]}},"_links":{"self":[{"href":"http:\/\/gosmarina.com\/english\/wp-json\/wp\/v2\/pages\/1365","targetHints":{"allow":["GET"]}}],"collection":[{"href":"http:\/\/gosmarina.com\/english\/wp-json\/wp\/v2\/pages"}],"about":[{"href":"http:\/\/gosmarina.com\/english\/wp-json\/wp\/v2\/types\/page"}],"author":[{"embeddable":true,"href":"http:\/\/gosmarina.com\/english\/wp-json\/wp\/v2\/users\/1"}],"replies":[{"embeddable":true,"href":"http:\/\/gosmarina.com\/english\/wp-json\/wp\/v2\/comments?post=1365"}],"version-history":[{"count":25,"href":"http:\/\/gosmarina.com\/english\/wp-json\/wp\/v2\/pages\/1365\/revisions"}],"predecessor-version":[{"id":1630,"href":"http:\/\/gosmarina.com\/english\/wp-json\/wp\/v2\/pages\/1365\/revisions\/1630"}],"wp:attachment":[{"href":"http:\/\/gosmarina.com\/english\/wp-json\/wp\/v2\/media?parent=1365"}],"curies":[{"name":"wp","href":"https:\/\/api.w.org\/{rel}","templated":true}]}}