{"id":1409,"date":"2026-04-08T22:00:04","date_gmt":"2026-04-08T22:00:04","guid":{"rendered":"https:\/\/gosmarina.com\/?page_id=1409"},"modified":"2026-04-10T15:46:06","modified_gmt":"2026-04-10T15:46:06","slug":"eventos","status":"publish","type":"page","link":"http:\/\/gosmarina.com\/english\/eventos\/","title":{"rendered":"Events"},"content":{"rendered":"<div data-elementor-type=\"wp-page\" data-elementor-id=\"1409\" class=\"elementor elementor-1409\" data-elementor-post-type=\"page\">\n\t\t\t\t<div class=\"elementor-element elementor-element-c36f44e e-con-full e-flex e-con e-parent\" data-id=\"c36f44e\" data-element_type=\"container\" data-e-type=\"container\" data-settings=\"{&quot;background_background&quot;:&quot;classic&quot;}\">\n\t\t<div class=\"elementor-element elementor-element-e43e01a e-con-full e-flex e-con e-child\" data-id=\"e43e01a\" data-element_type=\"container\" data-e-type=\"container\" data-settings=\"{&quot;background_background&quot;:&quot;classic&quot;}\">\n\t\t\t\t<\/div>\n\t\t<div class=\"elementor-element elementor-element-59ee6b9 e-con-full e-flex e-con e-child\" data-id=\"59ee6b9\" data-element_type=\"container\" data-e-type=\"container\" data-settings=\"{&quot;background_background&quot;:&quot;classic&quot;}\">\n\t\t\t\t<div class=\"elementor-element elementor-element-5e3a230 animated-slow elementor-invisible elementor-widget elementor-widget-text-editor\" data-id=\"5e3a230\" data-element_type=\"widget\" data-e-type=\"widget\" data-settings=\"{&quot;_animation&quot;:&quot;fadeIn&quot;}\" data-widget_type=\"text-editor.default\">\n\t\t\t\t<div class=\"elementor-widget-container\">\n\t\t\t\t\t\t\t\t\t<p class=\"p1\">A space for what\u2019s next.<\/p>\t\t\t\t\t\t\t\t<\/div>\n\t\t\t\t<\/div>\n\t\t\t\t<div class=\"elementor-element elementor-element-65e228a animated-slow elementor-invisible elementor-widget elementor-widget-text-editor\" data-id=\"65e228a\" data-element_type=\"widget\" data-e-type=\"widget\" data-settings=\"{&quot;_animation&quot;:&quot;fadeIn&quot;}\" data-widget_type=\"text-editor.default\">\n\t\t\t\t<div class=\"elementor-widget-container\">\n\t\t\t\t\t\t\t\t\t<p class=\"p1\">GOS Marina is designed to be a dynamic hub within Canc\u00fan\u2019s nautical and social community.<\/p>\t\t\t\t\t\t\t\t<\/div>\n\t\t\t\t<\/div>\n\t\t\t\t<\/div>\n\t\t\t\t<\/div>\n\t\t<div class=\"elementor-element elementor-element-e9e5aba e-con-full e-flex e-con e-parent\" data-id=\"e9e5aba\" data-element_type=\"container\" data-e-type=\"container\" data-settings=\"{&quot;background_background&quot;:&quot;classic&quot;}\">\n\t\t<div class=\"elementor-element elementor-element-38d0c98 e-con-full e-flex e-con e-child\" data-id=\"38d0c98\" data-element_type=\"container\" data-e-type=\"container\">\n\t\t\t\t<div class=\"elementor-element elementor-element-03ebcbd elementor-flip-box--effect-fade animated-slow elementor-invisible elementor-widget elementor-widget-flip-box\" data-id=\"03ebcbd\" data-element_type=\"widget\" data-e-type=\"widget\" data-settings=\"{&quot;_animation&quot;:&quot;fadeInLeft&quot;,&quot;_animation_mobile&quot;:&quot;fadeIn&quot;,&quot;_animation_delay&quot;:500}\" data-widget_type=\"flip-box.default\">\n\t\t\t\t<div class=\"elementor-widget-container\">\n\t\t\t\t\t\t\t<div class=\"elementor-flip-box\" tabindex=\"0\">\n\t\t\t<div class=\"elementor-flip-box__layer elementor-flip-box__front\">\n\t\t\t\t<div class=\"elementor-flip-box__layer__overlay\">\n\t\t\t\t\t<div class=\"elementor-flip-box__layer__inner\">\n\t\t\t\t\t\t\n\t\t\t\t\t\t\n\t\t\t\t\t\t\t\t\t\t\t<\/div>\n\t\t\t\t<\/div>\n\t\t\t<\/div>\n\t\t\t<a class=\"elementor-flip-box__layer elementor-flip-box__back\" href=\"#servicios\">\n\t\t\t<div class=\"elementor-flip-box__layer__overlay\">\n\t\t\t\t<div class=\"elementor-flip-box__layer__inner\">\n\t\t\t\t\t\n\t\t\t\t\t\n\t\t\t\t\t\t\t\t<\/div>\n\t\t<\/div>\n\t\t<\/a>\n\t\t<\/div>\n\t\t\t\t\t\t<\/div>\n\t\t\t\t<\/div>\n\t\t\t\t<div class=\"elementor-element elementor-element-6882aeb animated-slow elementor-invisible elementor-widget elementor-widget-text-editor\" data-id=\"6882aeb\" data-element_type=\"widget\" data-e-type=\"widget\" data-settings=\"{&quot;_animation&quot;:&quot;fadeIn&quot;}\" data-widget_type=\"text-editor.default\">\n\t\t\t\t<div class=\"elementor-widget-container\">\n\t\t\t\t\t\t\t\t\t<p class=\"p1\"><span style=\"text-decoration: underline;\">boat shows<\/span><\/p>\t\t\t\t\t\t\t\t<\/div>\n\t\t\t\t<\/div>\n\t\t\t\t<\/div>\n\t\t<div class=\"elementor-element elementor-element-5ccd8be e-con-full e-flex e-con e-child\" data-id=\"5ccd8be\" data-element_type=\"container\" data-e-type=\"container\">\n\t\t\t\t<div class=\"elementor-element elementor-element-1fe64f3 elementor-flip-box--effect-fade animated-slow elementor-invisible elementor-widget elementor-widget-flip-box\" data-id=\"1fe64f3\" data-element_type=\"widget\" data-e-type=\"widget\" data-settings=\"{&quot;_animation&quot;:&quot;fadeInDown&quot;,&quot;_animation_mobile&quot;:&quot;fadeIn&quot;,&quot;_animation_delay&quot;:500}\" data-widget_type=\"flip-box.default\">\n\t\t\t\t<div class=\"elementor-widget-container\">\n\t\t\t\t\t\t\t<div class=\"elementor-flip-box\" tabindex=\"0\">\n\t\t\t<div class=\"elementor-flip-box__layer elementor-flip-box__front\">\n\t\t\t\t<div class=\"elementor-flip-box__layer__overlay\">\n\t\t\t\t\t<div class=\"elementor-flip-box__layer__inner\">\n\t\t\t\t\t\t\n\t\t\t\t\t\t\n\t\t\t\t\t\t\t\t\t\t\t<\/div>\n\t\t\t\t<\/div>\n\t\t\t<\/div>\n\t\t\t<a class=\"elementor-flip-box__layer elementor-flip-box__back\" href=\"#servicios\">\n\t\t\t<div class=\"elementor-flip-box__layer__overlay\">\n\t\t\t\t<div class=\"elementor-flip-box__layer__inner\">\n\t\t\t\t\t\n\t\t\t\t\t\n\t\t\t\t\t\t\t\t<\/div>\n\t\t<\/div>\n\t\t<\/a>\n\t\t<\/div>\n\t\t\t\t\t\t<\/div>\n\t\t\t\t<\/div>\n\t\t\t\t<div class=\"elementor-element elementor-element-a53817b animated-slow elementor-invisible elementor-widget elementor-widget-text-editor\" data-id=\"a53817b\" data-element_type=\"widget\" data-e-type=\"widget\" data-settings=\"{&quot;_animation&quot;:&quot;fadeIn&quot;}\" data-widget_type=\"text-editor.default\">\n\t\t\t\t<div class=\"elementor-widget-container\">\n\t\t\t\t\t\t\t\t\t<p class=\"p1\"><span style=\"text-decoration: underline;\">Brand activations<\/span><\/p>\t\t\t\t\t\t\t\t<\/div>\n\t\t\t\t<\/div>\n\t\t\t\t<\/div>\n\t\t<div class=\"elementor-element elementor-element-e0a570b e-con-full e-flex e-con e-child\" data-id=\"e0a570b\" data-element_type=\"container\" data-e-type=\"container\">\n\t\t\t\t<div class=\"elementor-element elementor-element-90ca8b5 elementor-flip-box--effect-fade animated-slow elementor-invisible elementor-widget elementor-widget-flip-box\" data-id=\"90ca8b5\" data-element_type=\"widget\" data-e-type=\"widget\" data-settings=\"{&quot;_animation&quot;:&quot;fadeInRight&quot;,&quot;_animation_mobile&quot;:&quot;fadeIn&quot;,&quot;_animation_delay&quot;:500}\" data-widget_type=\"flip-box.default\">\n\t\t\t\t<div class=\"elementor-widget-container\">\n\t\t\t\t\t\t\t<div class=\"elementor-flip-box\" tabindex=\"0\">\n\t\t\t<div class=\"elementor-flip-box__layer elementor-flip-box__front\">\n\t\t\t\t<div class=\"elementor-flip-box__layer__overlay\">\n\t\t\t\t\t<div class=\"elementor-flip-box__layer__inner\">\n\t\t\t\t\t\t\n\t\t\t\t\t\t\n\t\t\t\t\t\t\t\t\t\t\t<\/div>\n\t\t\t\t<\/div>\n\t\t\t<\/div>\n\t\t\t<a class=\"elementor-flip-box__layer elementor-flip-box__back\" href=\"#servicios\">\n\t\t\t<div class=\"elementor-flip-box__layer__overlay\">\n\t\t\t\t<div class=\"elementor-flip-box__layer__inner\">\n\t\t\t\t\t\n\t\t\t\t\t\n\t\t\t\t\t\t\t\t<\/div>\n\t\t<\/div>\n\t\t<\/a>\n\t\t<\/div>\n\t\t\t\t\t\t<\/div>\n\t\t\t\t<\/div>\n\t\t\t\t<div class=\"elementor-element elementor-element-1e4b332 animated-slow elementor-invisible elementor-widget elementor-widget-text-editor\" data-id=\"1e4b332\" data-element_type=\"widget\" data-e-type=\"widget\" data-settings=\"{&quot;_animation&quot;:&quot;fadeIn&quot;}\" data-widget_type=\"text-editor.default\">\n\t\t\t\t<div class=\"elementor-widget-container\">\n\t\t\t\t\t\t\t\t\t<p class=\"p1\"><span style=\"text-decoration: underline;\">Private events &amp; collabs<\/span><\/p>\t\t\t\t\t\t\t\t<\/div>\n\t\t\t\t<\/div>\n\t\t\t\t<\/div>\n\t\t\t\t<\/div>\n\t\t<div class=\"elementor-element elementor-element-fbb8e46 e-con-full e-flex e-con e-parent\" data-id=\"fbb8e46\" data-element_type=\"container\" data-e-type=\"container\" data-settings=\"{&quot;background_background&quot;:&quot;classic&quot;}\">\n\t\t\t\t<div class=\"elementor-element elementor-element-249469d animated-slow elementor-invisible elementor-widget elementor-widget-text-editor\" data-id=\"249469d\" data-element_type=\"widget\" data-e-type=\"widget\" data-settings=\"{&quot;_animation&quot;:&quot;fadeIn&quot;}\" data-widget_type=\"text-editor.default\">\n\t\t\t\t<div class=\"elementor-widget-container\">\n\t\t\t\t\t\t\t\t\t<p class=\"p1\">The beginning of a <em>new chapter<\/em> will set the tone for what\u2019s to come.<\/p>\t\t\t\t\t\t\t\t<\/div>\n\t\t\t\t<\/div>\n\t\t\t\t<\/div>\n\t\t\t\t<\/div>","protected":false},"excerpt":{"rendered":"<p>Un espacio para lo que viene. GOS Marina est\u00e1 dise\u00f1ada para ser un punto activo dentro de la comunidad n\u00e1utica y social de Canc\u00fan. boat shows activaciones de marca eventos privados y colaboraciones El inicio de una nueva etapa marcar\u00e1 el ritmo de lo que est\u00e1 por venir.<\/p>","protected":false},"author":1,"featured_media":0,"parent":0,"menu_order":0,"comment_status":"closed","ping_status":"closed","template":"elementor_header_footer","meta":{"footnotes":""},"class_list":["post-1409","page","type-page","status-publish","hentry"],"yoast_head":"<!-- This site is optimized with the Yoast SEO plugin v27.4 - https:\/\/yoast.com\/product\/yoast-seo-wordpress\/ -->\n<title>Eventos - Gos Marina<\/title>\n<meta name=\"robots\" content=\"index, follow, max-snippet:-1, max-image-preview:large, max-video-preview:-1\" \/>\n<link rel=\"canonical\" href=\"https:\/\/gosmarina.com\/english\/eventos\/\" \/>\n<meta property=\"og:locale\" content=\"en_US\" \/>\n<meta property=\"og:type\" content=\"article\" \/>\n<meta property=\"og:title\" content=\"Eventos - Gos Marina\" \/>\n<meta property=\"og:description\" content=\"Un espacio para lo que viene. GOS Marina est\u00e1 dise\u00f1ada para ser un punto activo dentro de la comunidad n\u00e1utica y social de Canc\u00fan. boat shows activaciones de marca eventos privados y colaboraciones El inicio de una nueva etapa marcar\u00e1 el ritmo de lo que est\u00e1 por venir.\" \/>\n<meta property=\"og:url\" content=\"https:\/\/gosmarina.com\/english\/eventos\/\" \/>\n<meta property=\"og:site_name\" content=\"Gos Marina\" \/>\n<meta property=\"article:modified_time\" content=\"2026-04-10T15:46:06+00:00\" \/>\n<meta name=\"twitter:card\" content=\"summary_large_image\" \/>\n<meta name=\"twitter:label1\" content=\"Est. reading time\" \/>\n\t<meta name=\"twitter:data1\" content=\"1 minute\" \/>\n<script type=\"application\/ld+json\" class=\"yoast-schema-graph\">{\"@context\":\"https:\\\/\\\/schema.org\",\"@graph\":[{\"@type\":\"WebPage\",\"@id\":\"https:\\\/\\\/gosmarina.com\\\/eventos\\\/\",\"url\":\"https:\\\/\\\/gosmarina.com\\\/eventos\\\/\",\"name\":\"Eventos - Gos Marina\",\"isPartOf\":{\"@id\":\"http:\\\/\\\/gosmarina.com\\\/#website\"},\"datePublished\":\"2026-04-08T22:00:04+00:00\",\"dateModified\":\"2026-04-10T15:46:06+00:00\",\"breadcrumb\":{\"@id\":\"https:\\\/\\\/gosmarina.com\\\/eventos\\\/#breadcrumb\"},\"inLanguage\":\"en-US\",\"potentialAction\":[{\"@type\":\"ReadAction\",\"target\":[\"https:\\\/\\\/gosmarina.com\\\/eventos\\\/\"]}]},{\"@type\":\"BreadcrumbList\",\"@id\":\"https:\\\/\\\/gosmarina.com\\\/eventos\\\/#breadcrumb\",\"itemListElement\":[{\"@type\":\"ListItem\",\"position\":1,\"name\":\"Portada\",\"item\":\"https:\\\/\\\/gosmarina.com\\\/\"},{\"@type\":\"ListItem\",\"position\":2,\"name\":\"Eventos\"}]},{\"@type\":\"WebSite\",\"@id\":\"http:\\\/\\\/gosmarina.com\\\/#website\",\"url\":\"http:\\\/\\\/gosmarina.com\\\/\",\"name\":\"Gos Marina\",\"description\":\"Yacht Marina\",\"publisher\":{\"@id\":\"http:\\\/\\\/gosmarina.com\\\/#organization\"},\"potentialAction\":[{\"@type\":\"SearchAction\",\"target\":{\"@type\":\"EntryPoint\",\"urlTemplate\":\"http:\\\/\\\/gosmarina.com\\\/?s={search_term_string}\"},\"query-input\":{\"@type\":\"PropertyValueSpecification\",\"valueRequired\":true,\"valueName\":\"search_term_string\"}}],\"inLanguage\":\"en-US\"},{\"@type\":\"Organization\",\"@id\":\"http:\\\/\\\/gosmarina.com\\\/#organization\",\"name\":\"Gos Marina\",\"url\":\"http:\\\/\\\/gosmarina.com\\\/\",\"logo\":{\"@type\":\"ImageObject\",\"inLanguage\":\"en-US\",\"@id\":\"http:\\\/\\\/gosmarina.com\\\/#\\\/schema\\\/logo\\\/image\\\/\",\"url\":\"http:\\\/\\\/gosmarina.com\\\/wp-content\\\/uploads\\\/2022\\\/10\\\/gosmarina-isotipo-02.png\",\"contentUrl\":\"http:\\\/\\\/gosmarina.com\\\/wp-content\\\/uploads\\\/2022\\\/10\\\/gosmarina-isotipo-02.png\",\"width\":702,\"height\":1556,\"caption\":\"Gos Marina\"},\"image\":{\"@id\":\"http:\\\/\\\/gosmarina.com\\\/#\\\/schema\\\/logo\\\/image\\\/\"}}]}<\/script>\n<!-- \/ Yoast SEO plugin. -->","yoast_head_json":{"title":"Eventos - Gos Marina","robots":{"index":"index","follow":"follow","max-snippet":"max-snippet:-1","max-image-preview":"max-image-preview:large","max-video-preview":"max-video-preview:-1"},"canonical":"https:\/\/gosmarina.com\/english\/eventos\/","og_locale":"en_US","og_type":"article","og_title":"Eventos - Gos Marina","og_description":"Un espacio para lo que viene. GOS Marina est\u00e1 dise\u00f1ada para ser un punto activo dentro de la comunidad n\u00e1utica y social de Canc\u00fan. boat shows activaciones de marca eventos privados y colaboraciones El inicio de una nueva etapa marcar\u00e1 el ritmo de lo que est\u00e1 por venir.","og_url":"https:\/\/gosmarina.com\/english\/eventos\/","og_site_name":"Gos Marina","article_modified_time":"2026-04-10T15:46:06+00:00","twitter_card":"summary_large_image","twitter_misc":{"Est. reading time":"1 minute"},"schema":{"@context":"https:\/\/schema.org","@graph":[{"@type":"WebPage","@id":"https:\/\/gosmarina.com\/eventos\/","url":"https:\/\/gosmarina.com\/eventos\/","name":"Eventos - Gos Marina","isPartOf":{"@id":"http:\/\/gosmarina.com\/#website"},"datePublished":"2026-04-08T22:00:04+00:00","dateModified":"2026-04-10T15:46:06+00:00","breadcrumb":{"@id":"https:\/\/gosmarina.com\/eventos\/#breadcrumb"},"inLanguage":"en-US","potentialAction":[{"@type":"ReadAction","target":["https:\/\/gosmarina.com\/eventos\/"]}]},{"@type":"BreadcrumbList","@id":"https:\/\/gosmarina.com\/eventos\/#breadcrumb","itemListElement":[{"@type":"ListItem","position":1,"name":"Portada","item":"https:\/\/gosmarina.com\/"},{"@type":"ListItem","position":2,"name":"Eventos"}]},{"@type":"WebSite","@id":"http:\/\/gosmarina.com\/#website","url":"http:\/\/gosmarina.com\/","name":"Gos Marina","description":"Yacht Marina","publisher":{"@id":"http:\/\/gosmarina.com\/#organization"},"potentialAction":[{"@type":"SearchAction","target":{"@type":"EntryPoint","urlTemplate":"http:\/\/gosmarina.com\/?s={search_term_string}"},"query-input":{"@type":"PropertyValueSpecification","valueRequired":true,"valueName":"search_term_string"}}],"inLanguage":"en-US"},{"@type":"Organization","@id":"http:\/\/gosmarina.com\/#organization","name":"Gos Marina","url":"http:\/\/gosmarina.com\/","logo":{"@type":"ImageObject","inLanguage":"en-US","@id":"http:\/\/gosmarina.com\/#\/schema\/logo\/image\/","url":"http:\/\/gosmarina.com\/wp-content\/uploads\/2022\/10\/gosmarina-isotipo-02.png","contentUrl":"http:\/\/gosmarina.com\/wp-content\/uploads\/2022\/10\/gosmarina-isotipo-02.png","width":702,"height":1556,"caption":"Gos Marina"},"image":{"@id":"http:\/\/gosmarina.com\/#\/schema\/logo\/image\/"}}]}},"_links":{"self":[{"href":"http:\/\/gosmarina.com\/english\/wp-json\/wp\/v2\/pages\/1409","targetHints":{"allow":["GET"]}}],"collection":[{"href":"http:\/\/gosmarina.com\/english\/wp-json\/wp\/v2\/pages"}],"about":[{"href":"http:\/\/gosmarina.com\/english\/wp-json\/wp\/v2\/types\/page"}],"author":[{"embeddable":true,"href":"http:\/\/gosmarina.com\/english\/wp-json\/wp\/v2\/users\/1"}],"replies":[{"embeddable":true,"href":"http:\/\/gosmarina.com\/english\/wp-json\/wp\/v2\/comments?post=1409"}],"version-history":[{"count":10,"href":"http:\/\/gosmarina.com\/english\/wp-json\/wp\/v2\/pages\/1409\/revisions"}],"predecessor-version":[{"id":1596,"href":"http:\/\/gosmarina.com\/english\/wp-json\/wp\/v2\/pages\/1409\/revisions\/1596"}],"wp:attachment":[{"href":"http:\/\/gosmarina.com\/english\/wp-json\/wp\/v2\/media?parent=1409"}],"curies":[{"name":"wp","href":"https:\/\/api.w.org\/{rel}","templated":true}]}}