{"id":1420,"date":"2026-04-08T22:14:07","date_gmt":"2026-04-08T22:14:07","guid":{"rendered":"https:\/\/gosmarina.com\/?page_id=1420"},"modified":"2026-04-10T16:02:53","modified_gmt":"2026-04-10T16:02:53","slug":"compania","status":"publish","type":"page","link":"http:\/\/gosmarina.com\/english\/compania\/","title":{"rendered":"Company"},"content":{"rendered":"<div data-elementor-type=\"wp-page\" data-elementor-id=\"1420\" class=\"elementor elementor-1420\" data-elementor-post-type=\"page\">\n\t\t\t\t<div class=\"elementor-element elementor-element-c36f44e e-con-full e-flex e-con e-parent\" data-id=\"c36f44e\" data-element_type=\"container\" data-e-type=\"container\" data-settings=\"{&quot;background_background&quot;:&quot;classic&quot;}\">\n\t\t<div class=\"elementor-element elementor-element-e43e01a e-con-full e-flex e-con e-child\" data-id=\"e43e01a\" data-element_type=\"container\" data-e-type=\"container\" data-settings=\"{&quot;background_background&quot;:&quot;classic&quot;}\">\n\t\t\t\t<\/div>\n\t\t<div class=\"elementor-element elementor-element-59ee6b9 e-con-full e-flex e-con e-child\" data-id=\"59ee6b9\" data-element_type=\"container\" data-e-type=\"container\" data-settings=\"{&quot;background_background&quot;:&quot;classic&quot;}\">\n\t\t\t\t<div class=\"elementor-element elementor-element-5e3a230 animated-slow elementor-invisible elementor-widget elementor-widget-text-editor\" data-id=\"5e3a230\" data-element_type=\"widget\" data-e-type=\"widget\" data-settings=\"{&quot;_animation&quot;:&quot;fadeIn&quot;}\" data-widget_type=\"text-editor.default\">\n\t\t\t\t<div class=\"elementor-widget-container\">\n\t\t\t\t\t\t\t\t\t<p class=\"p1\">A vision shaped over time.<\/p>\t\t\t\t\t\t\t\t<\/div>\n\t\t\t\t<\/div>\n\t\t\t\t<div class=\"elementor-element elementor-element-65e228a animated-slow elementor-invisible elementor-widget elementor-widget-text-editor\" data-id=\"65e228a\" data-element_type=\"widget\" data-e-type=\"widget\" data-settings=\"{&quot;_animation&quot;:&quot;fadeIn&quot;}\" data-widget_type=\"text-editor.default\">\n\t\t\t\t<div class=\"elementor-widget-container\">\n\t\t\t\t\t\t\t\t\t<p class=\"p1\">GOS Marina is born from a solid legacy in the nautical sector, with roots dating back to the 1980s through Aquaray, now known as Aquaworld.<\/p>\t\t\t\t\t\t\t\t<\/div>\n\t\t\t\t<\/div>\n\t\t\t\t<\/div>\n\t\t\t\t<\/div>\n\t\t<div class=\"elementor-element elementor-element-c8e924e e-con-full elementor-hidden-mobile e-flex e-con e-parent\" data-id=\"c8e924e\" data-element_type=\"container\" data-e-type=\"container\" data-settings=\"{&quot;background_background&quot;:&quot;classic&quot;}\">\n\t\t<div class=\"elementor-element elementor-element-e375380 e-grid e-con-full e-con e-child\" data-id=\"e375380\" data-element_type=\"container\" data-e-type=\"container\">\n\t\t\t\t<div class=\"elementor-element elementor-element-97b36f0 animated-slow elementor-widget__width-initial elementor-invisible elementor-widget elementor-widget-text-editor\" data-id=\"97b36f0\" data-element_type=\"widget\" data-e-type=\"widget\" data-settings=\"{&quot;_animation&quot;:&quot;fadeIn&quot;}\" data-widget_type=\"text-editor.default\">\n\t\t\t\t<div class=\"elementor-widget-container\">\n\t\t\t\t\t\t\t\t\t<p class=\"p1\">The name GOS reflects the legacy of its founder and his connection to the sea:<\/p>\t\t\t\t\t\t\t\t<\/div>\n\t\t\t\t<\/div>\n\t\t\t\t<div class=\"elementor-element elementor-element-f114de0 elementor-widget__width-initial elementor-widget elementor-widget-image\" data-id=\"f114de0\" data-element_type=\"widget\" data-e-type=\"widget\" data-widget_type=\"image.default\">\n\t\t\t\t<div class=\"elementor-widget-container\">\n\t\t\t\t\t\t\t\t\t\t\t\t\t\t\t<img fetchpriority=\"high\" decoding=\"async\" width=\"248\" height=\"300\" src=\"http:\/\/gosmarina.com\/wp-content\/uploads\/2026\/04\/sello-gos.png\" class=\"attachment-large size-large wp-image-1299\" alt=\"\" srcset=\"http:\/\/gosmarina.com\/wp-content\/uploads\/2026\/04\/sello-gos.png 248w, http:\/\/gosmarina.com\/wp-content\/uploads\/2026\/04\/sello-gos-10x12.png 10w\" sizes=\"(max-width: 248px) 100vw, 248px\" \/>\t\t\t\t\t\t\t\t\t\t\t\t\t\t\t<\/div>\n\t\t\t\t<\/div>\n\t\t\t\t<div class=\"elementor-element elementor-element-519fe56 animated-slow elementor-invisible elementor-widget elementor-widget-text-editor\" data-id=\"519fe56\" data-element_type=\"widget\" data-e-type=\"widget\" data-settings=\"{&quot;_animation&quot;:&quot;fadeIn&quot;}\" data-widget_type=\"text-editor.default\">\n\t\t\t\t<div class=\"elementor-widget-container\">\n\t\t\t\t\t\t\t\t\t<p class=\"p1\">God of the Seas.<\/p>\t\t\t\t\t\t\t\t<\/div>\n\t\t\t\t<\/div>\n\t\t\t\t<\/div>\n\t\t\t\t<\/div>\n\t\t<div class=\"elementor-element elementor-element-12d88f8 e-con-full elementor-hidden-desktop elementor-hidden-tablet elementor-hidden-tablet_extra e-flex e-con e-parent\" data-id=\"12d88f8\" data-element_type=\"container\" data-e-type=\"container\" data-settings=\"{&quot;background_background&quot;:&quot;classic&quot;}\">\n\t\t<div class=\"elementor-element elementor-element-15211f8 e-grid e-con-full e-con e-child\" data-id=\"15211f8\" data-element_type=\"container\" data-e-type=\"container\">\n\t\t\t\t<div class=\"elementor-element elementor-element-927568d elementor-widget__width-initial elementor-widget elementor-widget-image\" data-id=\"927568d\" data-element_type=\"widget\" data-e-type=\"widget\" data-widget_type=\"image.default\">\n\t\t\t\t<div class=\"elementor-widget-container\">\n\t\t\t\t\t\t\t\t\t\t\t\t\t\t\t<img fetchpriority=\"high\" decoding=\"async\" width=\"248\" height=\"300\" src=\"http:\/\/gosmarina.com\/wp-content\/uploads\/2026\/04\/sello-gos.png\" class=\"attachment-large size-large wp-image-1299\" alt=\"\" srcset=\"http:\/\/gosmarina.com\/wp-content\/uploads\/2026\/04\/sello-gos.png 248w, http:\/\/gosmarina.com\/wp-content\/uploads\/2026\/04\/sello-gos-10x12.png 10w\" sizes=\"(max-width: 248px) 100vw, 248px\" \/>\t\t\t\t\t\t\t\t\t\t\t\t\t\t\t<\/div>\n\t\t\t\t<\/div>\n\t\t\t\t<div class=\"elementor-element elementor-element-30b109d animated-slow elementor-widget__width-initial elementor-invisible elementor-widget elementor-widget-text-editor\" data-id=\"30b109d\" data-element_type=\"widget\" data-e-type=\"widget\" data-settings=\"{&quot;_animation&quot;:&quot;fadeIn&quot;}\" data-widget_type=\"text-editor.default\">\n\t\t\t\t<div class=\"elementor-widget-container\">\n\t\t\t\t\t\t\t\t\t<p class=\"p1\">The name GOS reflects the legacy of its founder and his connection to the sea:<\/p>\t\t\t\t\t\t\t\t<\/div>\n\t\t\t\t<\/div>\n\t\t\t\t<div class=\"elementor-element elementor-element-6089540 animated-slow elementor-invisible elementor-widget elementor-widget-text-editor\" data-id=\"6089540\" data-element_type=\"widget\" data-e-type=\"widget\" data-settings=\"{&quot;_animation&quot;:&quot;fadeIn&quot;}\" data-widget_type=\"text-editor.default\">\n\t\t\t\t<div class=\"elementor-widget-container\">\n\t\t\t\t\t\t\t\t\t<p class=\"p1\">God of the Seas.<\/p>\t\t\t\t\t\t\t\t<\/div>\n\t\t\t\t<\/div>\n\t\t\t\t<\/div>\n\t\t\t\t<\/div>\n\t\t<div class=\"elementor-element elementor-element-3f1493e elementor-hidden-desktop elementor-hidden-tablet_extra e-flex e-con-boxed e-con e-parent\" data-id=\"3f1493e\" data-element_type=\"container\" data-e-type=\"container\" data-settings=\"{&quot;background_background&quot;:&quot;classic&quot;}\">\n\t\t\t\t\t<div class=\"e-con-inner\">\n\t\t\t\t<div class=\"elementor-element elementor-element-a595ff3 animated-slow elementor-invisible elementor-widget elementor-widget-text-editor\" data-id=\"a595ff3\" data-element_type=\"widget\" data-e-type=\"widget\" data-settings=\"{&quot;_animation&quot;:&quot;fadeIn&quot;}\" data-widget_type=\"text-editor.default\">\n\t\t\t\t<div class=\"elementor-widget-container\">\n\t\t\t\t\t\t\t\t\t<p>FILOSOF\u00cdA<\/p>\t\t\t\t\t\t\t\t<\/div>\n\t\t\t\t<\/div>\n\t\t\t\t\t<\/div>\n\t\t\t\t<\/div>\n\t\t<div class=\"elementor-element elementor-element-58887fd e-flex e-con-boxed e-con e-parent\" data-id=\"58887fd\" data-element_type=\"container\" data-e-type=\"container\" data-settings=\"{&quot;background_background&quot;:&quot;classic&quot;}\">\n\t\t\t\t\t<div class=\"e-con-inner\">\n\t\t<div class=\"elementor-element elementor-element-4768490 e-con-full e-flex e-con e-child\" data-id=\"4768490\" data-element_type=\"container\" data-e-type=\"container\">\n\t\t\t\t<div class=\"elementor-element elementor-element-be2c3f5 animated-slow elementor-invisible elementor-widget elementor-widget-text-editor\" data-id=\"be2c3f5\" data-element_type=\"widget\" data-e-type=\"widget\" data-settings=\"{&quot;_animation&quot;:&quot;fadeIn&quot;}\" data-widget_type=\"text-editor.default\">\n\t\t\t\t<div class=\"elementor-widget-container\">\n\t\t\t\t\t\t\t\t\t<p class=\"p2\">Precision in every <span style=\"text-decoration: underline;\">detail<\/span><\/p>\t\t\t\t\t\t\t\t<\/div>\n\t\t\t\t<\/div>\n\t\t\t\t<\/div>\n\t\t<div class=\"elementor-element elementor-element-942a65c e-con-full e-flex e-con e-child\" data-id=\"942a65c\" data-element_type=\"container\" data-e-type=\"container\">\n\t\t\t\t<div class=\"elementor-element elementor-element-3310133 animated-slow elementor-invisible elementor-widget elementor-widget-text-editor\" data-id=\"3310133\" data-element_type=\"widget\" data-e-type=\"widget\" data-settings=\"{&quot;_animation&quot;:&quot;fadeIn&quot;}\" data-widget_type=\"text-editor.default\">\n\t\t\t\t<div class=\"elementor-widget-container\">\n\t\t\t\t\t\t\t\t\t<p class=\"p2\"><span style=\"text-decoration: underline;\">Continuous<\/span> innovation<\/p>\t\t\t\t\t\t\t\t<\/div>\n\t\t\t\t<\/div>\n\t\t\t\t<\/div>\n\t\t<div class=\"elementor-element elementor-element-93e9500 e-con-full e-flex e-con e-child\" data-id=\"93e9500\" data-element_type=\"container\" data-e-type=\"container\">\n\t\t\t\t<div class=\"elementor-element elementor-element-3f615e7 animated-slow elementor-invisible elementor-widget elementor-widget-text-editor\" data-id=\"3f615e7\" data-element_type=\"widget\" data-e-type=\"widget\" data-settings=\"{&quot;_animation&quot;:&quot;fadeIn&quot;}\" data-widget_type=\"text-editor.default\">\n\t\t\t\t<div class=\"elementor-widget-container\">\n\t\t\t\t\t\t\t\t\t<p class=\"p2\"><span style=\"text-decoration: underline;\">Respect<\/span> for the environment<\/p>\t\t\t\t\t\t\t\t<\/div>\n\t\t\t\t<\/div>\n\t\t\t\t<\/div>\n\t\t<div class=\"elementor-element elementor-element-afc371f e-con-full e-flex e-con e-child\" data-id=\"afc371f\" data-element_type=\"container\" data-e-type=\"container\">\n\t\t\t\t<div class=\"elementor-element elementor-element-116e3b7 animated-slow elementor-invisible elementor-widget elementor-widget-text-editor\" data-id=\"116e3b7\" data-element_type=\"widget\" data-e-type=\"widget\" data-settings=\"{&quot;_animation&quot;:&quot;fadeIn&quot;}\" data-widget_type=\"text-editor.default\">\n\t\t\t\t<div class=\"elementor-widget-container\">\n\t\t\t\t\t\t\t\t\t<p class=\"p2\">Focus on <span style=\"text-decoration: underline;\">quality and experience<\/span><\/p>\t\t\t\t\t\t\t\t<\/div>\n\t\t\t\t<\/div>\n\t\t\t\t<\/div>\n\t\t<div class=\"elementor-element elementor-element-f260e0e e-con-full elementor-hidden-mobile elementor-hidden-tablet e-flex e-con e-child\" data-id=\"f260e0e\" data-element_type=\"container\" data-e-type=\"container\">\n\t\t\t\t<div class=\"elementor-element elementor-element-5d066cf animated-slow elementor-invisible elementor-widget elementor-widget-text-editor\" data-id=\"5d066cf\" data-element_type=\"widget\" data-e-type=\"widget\" data-settings=\"{&quot;_animation&quot;:&quot;fadeIn&quot;}\" data-widget_type=\"text-editor.default\">\n\t\t\t\t<div class=\"elementor-widget-container\">\n\t\t\t\t\t\t\t\t\t<p>Philosophy<\/p>\t\t\t\t\t\t\t\t<\/div>\n\t\t\t\t<\/div>\n\t\t\t\t<\/div>\n\t\t\t\t\t<\/div>\n\t\t\t\t<\/div>\n\t\t<div class=\"elementor-element elementor-element-a04ee3f e-con-full e-flex e-con e-parent\" data-id=\"a04ee3f\" data-element_type=\"container\" data-e-type=\"container\" data-settings=\"{&quot;background_background&quot;:&quot;classic&quot;}\">\n\t\t\t\t<div class=\"elementor-element elementor-element-a69690d animated-slow elementor-invisible elementor-widget elementor-widget-text-editor\" data-id=\"a69690d\" data-element_type=\"widget\" data-e-type=\"widget\" data-settings=\"{&quot;_animation&quot;:&quot;fadeIn&quot;}\" data-widget_type=\"text-editor.default\">\n\t\t\t\t<div class=\"elementor-widget-container\">\n\t\t\t\t\t\t\t\t\t<p class=\"p1\">A brand that <em>honors the past,<\/em>while being <em>built for the future<\/em>.<\/p>\t\t\t\t\t\t\t\t<\/div>\n\t\t\t\t<\/div>\n\t\t\t\t<\/div>\n\t\t\t\t<\/div>","protected":false},"excerpt":{"rendered":"<p>Una visi\u00f3n construida en el tiempo. GOS Marina nace de una trayectoria s\u00f3lida en el sector n\u00e1utico, con ra\u00edces que se remontan a los a\u00f1os 80 a trav\u00e9s de Aquaray (hoy Aquaworld). El nombre GOS representa el legado de su fundador y su conexi\u00f3n con el mar: God of the Seas. El nombre GOS representa [&hellip;]<\/p>\n","protected":false},"author":1,"featured_media":0,"parent":0,"menu_order":0,"comment_status":"closed","ping_status":"closed","template":"elementor_header_footer","meta":{"footnotes":""},"class_list":["post-1420","page","type-page","status-publish","hentry"],"yoast_head":"<!-- This site is optimized with the Yoast SEO plugin v27.4 - https:\/\/yoast.com\/product\/yoast-seo-wordpress\/ -->\n<title>Compa\u00f1\u00eda - Gos Marina<\/title>\n<meta name=\"robots\" content=\"index, follow, max-snippet:-1, max-image-preview:large, max-video-preview:-1\" \/>\n<link rel=\"canonical\" href=\"http:\/\/gosmarina.com\/english\/compania\/\" \/>\n<meta property=\"og:locale\" content=\"en_US\" \/>\n<meta property=\"og:type\" content=\"article\" \/>\n<meta property=\"og:title\" content=\"Compa\u00f1\u00eda - Gos Marina\" \/>\n<meta property=\"og:description\" content=\"Una visi\u00f3n construida en el tiempo. GOS Marina nace de una trayectoria s\u00f3lida en el sector n\u00e1utico, con ra\u00edces que se remontan a los a\u00f1os 80 a trav\u00e9s de Aquaray (hoy Aquaworld). El nombre GOS representa el legado de su fundador y su conexi\u00f3n con el mar: God of the Seas. El nombre GOS representa [&hellip;]\" \/>\n<meta property=\"og:url\" content=\"http:\/\/gosmarina.com\/english\/compania\/\" \/>\n<meta property=\"og:site_name\" content=\"Gos Marina\" \/>\n<meta property=\"article:modified_time\" content=\"2026-04-10T16:02:53+00:00\" \/>\n<meta property=\"og:image\" content=\"http:\/\/gosmarina.com\/wp-content\/uploads\/2026\/04\/sello-gos.png\" \/>\n<meta name=\"twitter:card\" content=\"summary_large_image\" \/>\n<meta name=\"twitter:label1\" content=\"Est. reading time\" \/>\n\t<meta name=\"twitter:data1\" content=\"1 minute\" \/>\n<script type=\"application\/ld+json\" class=\"yoast-schema-graph\">{\"@context\":\"https:\\\/\\\/schema.org\",\"@graph\":[{\"@type\":\"WebPage\",\"@id\":\"http:\\\/\\\/gosmarina.com\\\/compania\\\/\",\"url\":\"http:\\\/\\\/gosmarina.com\\\/compania\\\/\",\"name\":\"Compa\u00f1\u00eda - Gos Marina\",\"isPartOf\":{\"@id\":\"http:\\\/\\\/gosmarina.com\\\/#website\"},\"primaryImageOfPage\":{\"@id\":\"http:\\\/\\\/gosmarina.com\\\/compania\\\/#primaryimage\"},\"image\":{\"@id\":\"http:\\\/\\\/gosmarina.com\\\/compania\\\/#primaryimage\"},\"thumbnailUrl\":\"http:\\\/\\\/gosmarina.com\\\/wp-content\\\/uploads\\\/2026\\\/04\\\/sello-gos.png\",\"datePublished\":\"2026-04-08T22:14:07+00:00\",\"dateModified\":\"2026-04-10T16:02:53+00:00\",\"breadcrumb\":{\"@id\":\"http:\\\/\\\/gosmarina.com\\\/compania\\\/#breadcrumb\"},\"inLanguage\":\"en-US\",\"potentialAction\":[{\"@type\":\"ReadAction\",\"target\":[\"http:\\\/\\\/gosmarina.com\\\/compania\\\/\"]}]},{\"@type\":\"ImageObject\",\"inLanguage\":\"en-US\",\"@id\":\"http:\\\/\\\/gosmarina.com\\\/compania\\\/#primaryimage\",\"url\":\"http:\\\/\\\/gosmarina.com\\\/wp-content\\\/uploads\\\/2026\\\/04\\\/sello-gos.png\",\"contentUrl\":\"http:\\\/\\\/gosmarina.com\\\/wp-content\\\/uploads\\\/2026\\\/04\\\/sello-gos.png\"},{\"@type\":\"BreadcrumbList\",\"@id\":\"http:\\\/\\\/gosmarina.com\\\/compania\\\/#breadcrumb\",\"itemListElement\":[{\"@type\":\"ListItem\",\"position\":1,\"name\":\"Portada\",\"item\":\"https:\\\/\\\/gosmarina.com\\\/\"},{\"@type\":\"ListItem\",\"position\":2,\"name\":\"Compa\u00f1\u00eda\"}]},{\"@type\":\"WebSite\",\"@id\":\"http:\\\/\\\/gosmarina.com\\\/#website\",\"url\":\"http:\\\/\\\/gosmarina.com\\\/\",\"name\":\"Gos Marina\",\"description\":\"Yacht Marina\",\"publisher\":{\"@id\":\"http:\\\/\\\/gosmarina.com\\\/#organization\"},\"potentialAction\":[{\"@type\":\"SearchAction\",\"target\":{\"@type\":\"EntryPoint\",\"urlTemplate\":\"http:\\\/\\\/gosmarina.com\\\/?s={search_term_string}\"},\"query-input\":{\"@type\":\"PropertyValueSpecification\",\"valueRequired\":true,\"valueName\":\"search_term_string\"}}],\"inLanguage\":\"en-US\"},{\"@type\":\"Organization\",\"@id\":\"http:\\\/\\\/gosmarina.com\\\/#organization\",\"name\":\"Gos Marina\",\"url\":\"http:\\\/\\\/gosmarina.com\\\/\",\"logo\":{\"@type\":\"ImageObject\",\"inLanguage\":\"en-US\",\"@id\":\"http:\\\/\\\/gosmarina.com\\\/#\\\/schema\\\/logo\\\/image\\\/\",\"url\":\"http:\\\/\\\/gosmarina.com\\\/wp-content\\\/uploads\\\/2022\\\/10\\\/gosmarina-isotipo-02.png\",\"contentUrl\":\"http:\\\/\\\/gosmarina.com\\\/wp-content\\\/uploads\\\/2022\\\/10\\\/gosmarina-isotipo-02.png\",\"width\":702,\"height\":1556,\"caption\":\"Gos Marina\"},\"image\":{\"@id\":\"http:\\\/\\\/gosmarina.com\\\/#\\\/schema\\\/logo\\\/image\\\/\"}}]}<\/script>\n<!-- \/ Yoast SEO plugin. -->","yoast_head_json":{"title":"Compa\u00f1\u00eda - Gos Marina","robots":{"index":"index","follow":"follow","max-snippet":"max-snippet:-1","max-image-preview":"max-image-preview:large","max-video-preview":"max-video-preview:-1"},"canonical":"http:\/\/gosmarina.com\/english\/compania\/","og_locale":"en_US","og_type":"article","og_title":"Compa\u00f1\u00eda - Gos Marina","og_description":"Una visi\u00f3n construida en el tiempo. GOS Marina nace de una trayectoria s\u00f3lida en el sector n\u00e1utico, con ra\u00edces que se remontan a los a\u00f1os 80 a trav\u00e9s de Aquaray (hoy Aquaworld). El nombre GOS representa el legado de su fundador y su conexi\u00f3n con el mar: God of the Seas. El nombre GOS representa [&hellip;]","og_url":"http:\/\/gosmarina.com\/english\/compania\/","og_site_name":"Gos Marina","article_modified_time":"2026-04-10T16:02:53+00:00","og_image":[{"url":"http:\/\/gosmarina.com\/wp-content\/uploads\/2026\/04\/sello-gos.png","type":"","width":"","height":""}],"twitter_card":"summary_large_image","twitter_misc":{"Est. reading time":"1 minute"},"schema":{"@context":"https:\/\/schema.org","@graph":[{"@type":"WebPage","@id":"http:\/\/gosmarina.com\/compania\/","url":"http:\/\/gosmarina.com\/compania\/","name":"Compa\u00f1\u00eda - Gos Marina","isPartOf":{"@id":"http:\/\/gosmarina.com\/#website"},"primaryImageOfPage":{"@id":"http:\/\/gosmarina.com\/compania\/#primaryimage"},"image":{"@id":"http:\/\/gosmarina.com\/compania\/#primaryimage"},"thumbnailUrl":"http:\/\/gosmarina.com\/wp-content\/uploads\/2026\/04\/sello-gos.png","datePublished":"2026-04-08T22:14:07+00:00","dateModified":"2026-04-10T16:02:53+00:00","breadcrumb":{"@id":"http:\/\/gosmarina.com\/compania\/#breadcrumb"},"inLanguage":"en-US","potentialAction":[{"@type":"ReadAction","target":["http:\/\/gosmarina.com\/compania\/"]}]},{"@type":"ImageObject","inLanguage":"en-US","@id":"http:\/\/gosmarina.com\/compania\/#primaryimage","url":"http:\/\/gosmarina.com\/wp-content\/uploads\/2026\/04\/sello-gos.png","contentUrl":"http:\/\/gosmarina.com\/wp-content\/uploads\/2026\/04\/sello-gos.png"},{"@type":"BreadcrumbList","@id":"http:\/\/gosmarina.com\/compania\/#breadcrumb","itemListElement":[{"@type":"ListItem","position":1,"name":"Portada","item":"https:\/\/gosmarina.com\/"},{"@type":"ListItem","position":2,"name":"Compa\u00f1\u00eda"}]},{"@type":"WebSite","@id":"http:\/\/gosmarina.com\/#website","url":"http:\/\/gosmarina.com\/","name":"Gos Marina","description":"Yacht Marina","publisher":{"@id":"http:\/\/gosmarina.com\/#organization"},"potentialAction":[{"@type":"SearchAction","target":{"@type":"EntryPoint","urlTemplate":"http:\/\/gosmarina.com\/?s={search_term_string}"},"query-input":{"@type":"PropertyValueSpecification","valueRequired":true,"valueName":"search_term_string"}}],"inLanguage":"en-US"},{"@type":"Organization","@id":"http:\/\/gosmarina.com\/#organization","name":"Gos Marina","url":"http:\/\/gosmarina.com\/","logo":{"@type":"ImageObject","inLanguage":"en-US","@id":"http:\/\/gosmarina.com\/#\/schema\/logo\/image\/","url":"http:\/\/gosmarina.com\/wp-content\/uploads\/2022\/10\/gosmarina-isotipo-02.png","contentUrl":"http:\/\/gosmarina.com\/wp-content\/uploads\/2022\/10\/gosmarina-isotipo-02.png","width":702,"height":1556,"caption":"Gos Marina"},"image":{"@id":"http:\/\/gosmarina.com\/#\/schema\/logo\/image\/"}}]}},"_links":{"self":[{"href":"http:\/\/gosmarina.com\/english\/wp-json\/wp\/v2\/pages\/1420","targetHints":{"allow":["GET"]}}],"collection":[{"href":"http:\/\/gosmarina.com\/english\/wp-json\/wp\/v2\/pages"}],"about":[{"href":"http:\/\/gosmarina.com\/english\/wp-json\/wp\/v2\/types\/page"}],"author":[{"embeddable":true,"href":"http:\/\/gosmarina.com\/english\/wp-json\/wp\/v2\/users\/1"}],"replies":[{"embeddable":true,"href":"http:\/\/gosmarina.com\/english\/wp-json\/wp\/v2\/comments?post=1420"}],"version-history":[{"count":28,"href":"http:\/\/gosmarina.com\/english\/wp-json\/wp\/v2\/pages\/1420\/revisions"}],"predecessor-version":[{"id":1639,"href":"http:\/\/gosmarina.com\/english\/wp-json\/wp\/v2\/pages\/1420\/revisions\/1639"}],"wp:attachment":[{"href":"http:\/\/gosmarina.com\/english\/wp-json\/wp\/v2\/media?parent=1420"}],"curies":[{"name":"wp","href":"https:\/\/api.w.org\/{rel}","templated":true}]}}