{"id":1444,"date":"2026-04-08T23:18:57","date_gmt":"2026-04-08T23:18:57","guid":{"rendered":"https:\/\/gosmarina.com\/?page_id=1444"},"modified":"2026-04-13T20:34:43","modified_gmt":"2026-04-13T20:34:43","slug":"contacto","status":"publish","type":"page","link":"http:\/\/gosmarina.com\/english\/contacto\/","title":{"rendered":"Contact"},"content":{"rendered":"\t\t<div data-elementor-type=\"wp-page\" data-elementor-id=\"1444\" class=\"elementor elementor-1444\" data-elementor-post-type=\"page\">\n\t\t\t\t<div class=\"elementor-element elementor-element-b04bb19 e-flex e-con-boxed e-con e-parent\" data-id=\"b04bb19\" data-element_type=\"container\" data-e-type=\"container\" data-settings=\"{&quot;background_background&quot;:&quot;classic&quot;}\">\n\t\t\t\t\t<div class=\"e-con-inner\">\n\t\t<div class=\"elementor-element elementor-element-12c4276 e-con-full e-flex e-con e-child\" data-id=\"12c4276\" data-element_type=\"container\" data-e-type=\"container\">\n\t\t\t\t<div class=\"elementor-element elementor-element-80c0a0d animated-slow elementor-invisible elementor-widget elementor-widget-text-editor\" data-id=\"80c0a0d\" data-element_type=\"widget\" data-e-type=\"widget\" data-settings=\"{&quot;_animation&quot;:&quot;fadeIn&quot;}\" data-widget_type=\"text-editor.default\">\n\t\t\t\t<div class=\"elementor-widget-container\">\n\t\t\t\t\t\t\t\t\t<p class=\"p1\">se parte de lo que viene.<\/p>\t\t\t\t\t\t\t\t<\/div>\n\t\t\t\t<\/div>\n\t\t\t\t<div class=\"elementor-element elementor-element-8f90208 animated-slow elementor-widget__width-initial elementor-widget-mobile__width-initial elementor-invisible elementor-widget elementor-widget-text-editor\" data-id=\"8f90208\" data-element_type=\"widget\" data-e-type=\"widget\" data-settings=\"{&quot;_animation&quot;:&quot;fadeIn&quot;}\" data-widget_type=\"text-editor.default\">\n\t\t\t\t<div class=\"elementor-widget-container\">\n\t\t\t\t\t\t\t\t\t<p class=\"p1\"><strong>Ubicaci\u00f3n:\u00a0<br \/><\/strong>Av. Bonampak Z.H. Puerto Canc\u00fan, 77500, Canc\u00fan Q.R.<\/p><p><strong>Horario:<br \/><\/strong><strong>Lun-Vie <\/strong>7:00 am &#8211; 10:00 pm<br \/><strong>S\u00e1b<\/strong> 9:00 am &#8211; 1:00 pm\u00a0<br \/><strong>Dom<\/strong> Cerrado<\/p><p><strong>Correo:\u00a0<\/strong><br \/>info@gosmarina.com<\/p><p><strong>Tel\u00e9fono:<\/strong><br \/>998 195 7969<\/p>\t\t\t\t\t\t\t\t<\/div>\n\t\t\t\t<\/div>\n\t\t\t\t<div class=\"elementor-element elementor-element-96e2bd2 e-grid-align-tablet-left e-grid-align-mobile-center e-grid-align-left elementor-shape-rounded elementor-grid-0 elementor-widget elementor-widget-social-icons\" data-id=\"96e2bd2\" data-element_type=\"widget\" data-e-type=\"widget\" data-widget_type=\"social-icons.default\">\n\t\t\t\t<div class=\"elementor-widget-container\">\n\t\t\t\t\t\t\t<div class=\"elementor-social-icons-wrapper elementor-grid\" role=\"list\">\n\t\t\t\t\t\t\t<span class=\"elementor-grid-item\" role=\"listitem\">\n\t\t\t\t\t<a class=\"elementor-icon elementor-social-icon elementor-social-icon-whatsapp elementor-animation-grow elementor-repeater-item-4b22d57\" href=\"https:\/\/wa.link\/9pqd7w\" target=\"_blank\">\n\t\t\t\t\t\t<span class=\"elementor-screen-only\">Whatsapp<\/span>\n\t\t\t\t\t\t<i aria-hidden=\"true\" class=\"fab fa-whatsapp\"><\/i>\t\t\t\t\t<\/a>\n\t\t\t\t<\/span>\n\t\t\t\t\t\t\t<span class=\"elementor-grid-item\" role=\"listitem\">\n\t\t\t\t\t<a class=\"elementor-icon elementor-social-icon elementor-social-icon-envelope elementor-animation-grow elementor-repeater-item-7b929e9\" href=\"mailto:%20info@gosmarina.com\" target=\"_blank\">\n\t\t\t\t\t\t<span class=\"elementor-screen-only\">Envelope<\/span>\n\t\t\t\t\t\t<i aria-hidden=\"true\" class=\"fas fa-envelope\"><\/i>\t\t\t\t\t<\/a>\n\t\t\t\t<\/span>\n\t\t\t\t\t\t\t<span class=\"elementor-grid-item\" role=\"listitem\">\n\t\t\t\t\t<a class=\"elementor-icon elementor-social-icon elementor-social-icon-instagram elementor-animation-grow elementor-repeater-item-abb9589\" href=\"https:\/\/www.instagram.com\/gos.marinacancun\/\" target=\"_blank\">\n\t\t\t\t\t\t<span class=\"elementor-screen-only\">Instagram<\/span>\n\t\t\t\t\t\t<i aria-hidden=\"true\" class=\"fab fa-instagram\"><\/i>\t\t\t\t\t<\/a>\n\t\t\t\t<\/span>\n\t\t\t\t\t<\/div>\n\t\t\t\t\t\t<\/div>\n\t\t\t\t<\/div>\n\t\t\t\t<\/div>\n\t\t<div class=\"elementor-element elementor-element-fa14490 e-con-full e-flex e-con e-child\" data-id=\"fa14490\" data-element_type=\"container\" data-e-type=\"container\">\n\t\t\t\t<div class=\"elementor-element elementor-element-c4fc55c elementor-tablet-button-align-stretch elementor-button-align-stretch elementor-widget elementor-widget-form\" data-id=\"c4fc55c\" data-element_type=\"widget\" data-e-type=\"widget\" data-settings=\"{&quot;button_width_tablet&quot;:&quot;100&quot;,&quot;step_next_label&quot;:&quot;Next&quot;,&quot;step_previous_label&quot;:&quot;Previous&quot;,&quot;button_width&quot;:&quot;100&quot;,&quot;step_type&quot;:&quot;number_text&quot;,&quot;step_icon_shape&quot;:&quot;circle&quot;}\" data-widget_type=\"form.default\">\n\t\t\t\t<div class=\"elementor-widget-container\">\n\t\t\t\t\t\t\t<form class=\"elementor-form\" method=\"post\" name=\"Contact Us\" aria-label=\"Contact Us\">\n\t\t\t<input type=\"hidden\" name=\"post_id\" value=\"1444\"\/>\n\t\t\t<input type=\"hidden\" name=\"form_id\" value=\"c4fc55c\"\/>\n\t\t\t<input type=\"hidden\" name=\"referer_title\" value=\"Contacto - Gos Marina\" \/>\n\n\t\t\t\t\t\t\t<input type=\"hidden\" name=\"queried_id\" value=\"1444\"\/>\n\t\t\t\n\t\t\t<div class=\"elementor-form-fields-wrapper elementor-labels-above\">\n\t\t\t\t\t\t\t\t<div class=\"elementor-field-type-text elementor-field-group elementor-column elementor-field-group-name elementor-col-50 elementor-md-50 elementor-sm-50 elementor-field-required elementor-mark-required\">\n\t\t\t\t\t\t\t\t\t\t\t\t<label for=\"form-field-name\" class=\"elementor-field-label\">\n\t\t\t\t\t\t\t\tNombre\t\t\t\t\t\t\t<\/label>\n\t\t\t\t\t\t\t\t\t\t\t\t\t\t<input size=\"1\" type=\"text\" name=\"form_fields[name]\" id=\"form-field-name\" class=\"elementor-field elementor-size-sm  elementor-field-textual\" required=\"required\">\n\t\t\t\t\t\t\t\t\t\t\t<\/div>\n\t\t\t\t\t\t\t\t<div class=\"elementor-field-type-text elementor-field-group elementor-column elementor-field-group-field_5fdbc5a elementor-col-50 elementor-md-50 elementor-sm-50 elementor-field-required elementor-mark-required\">\n\t\t\t\t\t\t\t\t\t\t\t\t<label for=\"form-field-field_5fdbc5a\" class=\"elementor-field-label\">\n\t\t\t\t\t\t\t\tApellido\t\t\t\t\t\t\t<\/label>\n\t\t\t\t\t\t\t\t\t\t\t\t\t\t<input size=\"1\" type=\"text\" name=\"form_fields[field_5fdbc5a]\" id=\"form-field-field_5fdbc5a\" class=\"elementor-field elementor-size-sm  elementor-field-textual\" required=\"required\">\n\t\t\t\t\t\t\t\t\t\t\t<\/div>\n\t\t\t\t\t\t\t\t<div class=\"elementor-field-type-tel elementor-field-group elementor-column elementor-field-group-field_719ed13 elementor-col-100 elementor-md-100 elementor-sm-100 elementor-field-required elementor-mark-required\">\n\t\t\t\t\t\t\t\t\t\t\t\t<label for=\"form-field-field_719ed13\" class=\"elementor-field-label\">\n\t\t\t\t\t\t\t\tTel\u00e9fono\t\t\t\t\t\t\t<\/label>\n\t\t\t\t\t\t\t\t<input size=\"1\" type=\"tel\" name=\"form_fields[field_719ed13]\" id=\"form-field-field_719ed13\" class=\"elementor-field elementor-size-sm  elementor-field-textual\" required=\"required\" pattern=\"[0-9()#&amp;+*-=.]+\" title=\"Only numbers and phone characters (#, -, *, etc) are accepted.\">\n\n\t\t\t\t\t\t<\/div>\n\t\t\t\t\t\t\t\t<div class=\"elementor-field-type-email elementor-field-group elementor-column elementor-field-group-email elementor-col-100 elementor-md-100 elementor-sm-100 elementor-field-required elementor-mark-required\">\n\t\t\t\t\t\t\t\t\t\t\t\t<label for=\"form-field-email\" class=\"elementor-field-label\">\n\t\t\t\t\t\t\t\tEmail\t\t\t\t\t\t\t<\/label>\n\t\t\t\t\t\t\t\t\t\t\t\t\t\t<input size=\"1\" type=\"email\" name=\"form_fields[email]\" id=\"form-field-email\" class=\"elementor-field elementor-size-sm  elementor-field-textual\" required=\"required\">\n\t\t\t\t\t\t\t\t\t\t\t<\/div>\n\t\t\t\t\t\t\t\t<div class=\"elementor-field-type-select elementor-field-group elementor-column elementor-field-group-field_d3a1260 elementor-col-100 elementor-md-100 elementor-sm-100 elementor-field-required elementor-mark-required\">\n\t\t\t\t\t\t\t\t\t\t\t\t<label for=\"form-field-field_d3a1260\" class=\"elementor-field-label\">\n\t\t\t\t\t\t\t\tTipo de Inter\u00e9s\t\t\t\t\t\t\t<\/label>\n\t\t\t\t\t\t\t\t<div class=\"elementor-field elementor-select-wrapper remove-before \">\n\t\t\t<div class=\"select-caret-down-wrapper\">\n\t\t\t\t<i aria-hidden=\"true\" class=\"eicon-caret-down\"><\/i>\t\t\t<\/div>\n\t\t\t<select name=\"form_fields[field_d3a1260]\" id=\"form-field-field_d3a1260\" class=\"elementor-field-textual elementor-size-sm\" required=\"required\">\n\t\t\t\t\t\t\t\t\t<option value=\"Membres\u00eda\">Membres\u00eda<\/option>\n\t\t\t\t\t\t\t\t\t<option value=\"Espacio Comercial\">Espacio Comercial<\/option>\n\t\t\t\t\t\t\t\t\t<option value=\"Eventos\">Eventos<\/option>\n\t\t\t\t\t\t\t<\/select>\n\t\t<\/div>\n\t\t\t\t\t\t<\/div>\n\t\t\t\t\t\t\t\t<div class=\"elementor-field-type-textarea elementor-field-group elementor-column elementor-field-group-message elementor-col-100 elementor-md-100\">\n\t\t\t\t\t\t\t\t\t\t\t\t<label for=\"form-field-message\" class=\"elementor-field-label\">\n\t\t\t\t\t\t\t\tMensaje\t\t\t\t\t\t\t<\/label>\n\t\t\t\t\t\t<textarea class=\"elementor-field-textual elementor-field  elementor-size-sm\" name=\"form_fields[message]\" id=\"form-field-message\" rows=\"1\"><\/textarea>\t\t\t\t<\/div>\n\t\t\t\t\t\t\t\t<div class=\"elementor-field-type-text\">\n\t\t\t\t\t<input size=\"1\" type=\"text\" name=\"form_fields[field_7280ec7]\" id=\"form-field-field_7280ec7\" class=\"elementor-field elementor-size-sm \" style=\"display:none !important;\">\t\t\t\t<\/div>\n\t\t\t\t\t\t\t\t<div class=\"elementor-field-group elementor-column elementor-field-type-submit elementor-col-100 e-form__buttons elementor-md-100\">\n\t\t\t\t\t<button class=\"elementor-button elementor-size-sm elementor-animation-shrink\" type=\"submit\">\n\t\t\t\t\t\t<span class=\"elementor-button-content-wrapper\">\n\t\t\t\t\t\t\t\t\t\t\t\t\t\t\t\t\t\t\t\t\t\t<span class=\"elementor-button-text\">Solicitar Informaci\u00f3n<\/span>\n\t\t\t\t\t\t\t\t\t\t\t\t\t<\/span>\n\t\t\t\t\t<\/button>\n\t\t\t\t<\/div>\n\t\t\t<\/div>\n\t\t<\/form>\n\t\t\t\t\t\t<\/div>\n\t\t\t\t<\/div>\n\t\t\t\t<\/div>\n\t\t\t\t\t<\/div>\n\t\t\t\t<\/div>\n\t\t<div class=\"elementor-element elementor-element-fbb8e46 e-con-full e-flex e-con e-parent\" data-id=\"fbb8e46\" data-element_type=\"container\" data-e-type=\"container\" data-settings=\"{&quot;background_background&quot;:&quot;classic&quot;}\">\n\t\t\t\t<div class=\"elementor-element elementor-element-249469d animated-slow elementor-invisible elementor-widget elementor-widget-text-editor\" data-id=\"249469d\" data-element_type=\"widget\" data-e-type=\"widget\" data-settings=\"{&quot;_animation&quot;:&quot;fadeIn&quot;}\" data-widget_type=\"text-editor.default\">\n\t\t\t\t<div class=\"elementor-widget-container\">\n\t\t\t\t\t\t\t\t\t<p class=\"p1\">Un <em>punto de encuentro<\/em> que ampl\u00eda la experiencia m\u00e1s all\u00e1 del mar.<\/p>\t\t\t\t\t\t\t\t<\/div>\n\t\t\t\t<\/div>\n\t\t\t\t<\/div>\n\t\t\t\t<\/div>\n\t\t","protected":false},"excerpt":{"rendered":"<p>se parte de lo que viene. Ubicaci\u00f3n:\u00a0Av. Bonampak Z.H. Puerto Canc\u00fan, 77500, Canc\u00fan Q.R. Horario:Lun-Vie 7:00 am &#8211; 10:00 pmS\u00e1b 9:00 am &#8211; 1:00 pm\u00a0Dom Cerrado Correo:\u00a0info@gosmarina.com Tel\u00e9fono:998 195 7969 Whatsapp Envelope Instagram Un punto de encuentro que ampl\u00eda la experiencia m\u00e1s all\u00e1 del mar.<\/p>","protected":false},"author":1,"featured_media":0,"parent":0,"menu_order":0,"comment_status":"closed","ping_status":"closed","template":"elementor_header_footer","meta":{"footnotes":""},"class_list":["post-1444","page","type-page","status-publish","hentry"],"yoast_head":"<!-- This site is optimized with the Yoast SEO plugin v27.4 - https:\/\/yoast.com\/product\/yoast-seo-wordpress\/ -->\n<title>Contacto - Gos Marina<\/title>\n<meta name=\"robots\" content=\"index, follow, max-snippet:-1, max-image-preview:large, max-video-preview:-1\" \/>\n<link rel=\"canonical\" href=\"http:\/\/gosmarina.com\/english\/contacto\/\" \/>\n<meta property=\"og:locale\" content=\"en_US\" \/>\n<meta property=\"og:type\" content=\"article\" \/>\n<meta property=\"og:title\" content=\"Contacto - Gos Marina\" \/>\n<meta property=\"og:description\" content=\"se parte de lo que viene. Ubicaci\u00f3n:\u00a0Av. Bonampak Z.H. Puerto Canc\u00fan, 77500, Canc\u00fan Q.R. Horario:Lun-Vie 7:00 am &#8211; 10:00 pmS\u00e1b 9:00 am &#8211; 1:00 pm\u00a0Dom Cerrado Correo:\u00a0info@gosmarina.com Tel\u00e9fono:998 195 7969 Whatsapp Envelope Instagram Un punto de encuentro que ampl\u00eda la experiencia m\u00e1s all\u00e1 del mar.\" \/>\n<meta property=\"og:url\" content=\"http:\/\/gosmarina.com\/english\/contacto\/\" \/>\n<meta property=\"og:site_name\" content=\"Gos Marina\" \/>\n<meta property=\"article:modified_time\" content=\"2026-04-13T20:34:43+00:00\" \/>\n<meta name=\"twitter:card\" content=\"summary_large_image\" \/>\n<meta name=\"twitter:label1\" content=\"Est. reading time\" \/>\n\t<meta name=\"twitter:data1\" content=\"1 minute\" \/>\n<script type=\"application\/ld+json\" class=\"yoast-schema-graph\">{\"@context\":\"https:\\\/\\\/schema.org\",\"@graph\":[{\"@type\":\"WebPage\",\"@id\":\"http:\\\/\\\/gosmarina.com\\\/contacto\\\/\",\"url\":\"http:\\\/\\\/gosmarina.com\\\/contacto\\\/\",\"name\":\"Contacto - Gos Marina\",\"isPartOf\":{\"@id\":\"http:\\\/\\\/gosmarina.com\\\/#website\"},\"datePublished\":\"2026-04-08T23:18:57+00:00\",\"dateModified\":\"2026-04-13T20:34:43+00:00\",\"breadcrumb\":{\"@id\":\"http:\\\/\\\/gosmarina.com\\\/contacto\\\/#breadcrumb\"},\"inLanguage\":\"en-US\",\"potentialAction\":[{\"@type\":\"ReadAction\",\"target\":[\"http:\\\/\\\/gosmarina.com\\\/contacto\\\/\"]}]},{\"@type\":\"BreadcrumbList\",\"@id\":\"http:\\\/\\\/gosmarina.com\\\/contacto\\\/#breadcrumb\",\"itemListElement\":[{\"@type\":\"ListItem\",\"position\":1,\"name\":\"Portada\",\"item\":\"https:\\\/\\\/gosmarina.com\\\/\"},{\"@type\":\"ListItem\",\"position\":2,\"name\":\"Contacto\"}]},{\"@type\":\"WebSite\",\"@id\":\"http:\\\/\\\/gosmarina.com\\\/#website\",\"url\":\"http:\\\/\\\/gosmarina.com\\\/\",\"name\":\"Gos Marina\",\"description\":\"Yacht Marina\",\"publisher\":{\"@id\":\"http:\\\/\\\/gosmarina.com\\\/#organization\"},\"potentialAction\":[{\"@type\":\"SearchAction\",\"target\":{\"@type\":\"EntryPoint\",\"urlTemplate\":\"http:\\\/\\\/gosmarina.com\\\/?s={search_term_string}\"},\"query-input\":{\"@type\":\"PropertyValueSpecification\",\"valueRequired\":true,\"valueName\":\"search_term_string\"}}],\"inLanguage\":\"en-US\"},{\"@type\":\"Organization\",\"@id\":\"http:\\\/\\\/gosmarina.com\\\/#organization\",\"name\":\"Gos Marina\",\"url\":\"http:\\\/\\\/gosmarina.com\\\/\",\"logo\":{\"@type\":\"ImageObject\",\"inLanguage\":\"en-US\",\"@id\":\"http:\\\/\\\/gosmarina.com\\\/#\\\/schema\\\/logo\\\/image\\\/\",\"url\":\"http:\\\/\\\/gosmarina.com\\\/wp-content\\\/uploads\\\/2022\\\/10\\\/gosmarina-isotipo-02.png\",\"contentUrl\":\"http:\\\/\\\/gosmarina.com\\\/wp-content\\\/uploads\\\/2022\\\/10\\\/gosmarina-isotipo-02.png\",\"width\":702,\"height\":1556,\"caption\":\"Gos Marina\"},\"image\":{\"@id\":\"http:\\\/\\\/gosmarina.com\\\/#\\\/schema\\\/logo\\\/image\\\/\"}}]}<\/script>\n<!-- \/ Yoast SEO plugin. -->","yoast_head_json":{"title":"Contacto - Gos Marina","robots":{"index":"index","follow":"follow","max-snippet":"max-snippet:-1","max-image-preview":"max-image-preview:large","max-video-preview":"max-video-preview:-1"},"canonical":"http:\/\/gosmarina.com\/english\/contacto\/","og_locale":"en_US","og_type":"article","og_title":"Contacto - Gos Marina","og_description":"se parte de lo que viene. Ubicaci\u00f3n:\u00a0Av. Bonampak Z.H. Puerto Canc\u00fan, 77500, Canc\u00fan Q.R. Horario:Lun-Vie 7:00 am &#8211; 10:00 pmS\u00e1b 9:00 am &#8211; 1:00 pm\u00a0Dom Cerrado Correo:\u00a0info@gosmarina.com Tel\u00e9fono:998 195 7969 Whatsapp Envelope Instagram Un punto de encuentro que ampl\u00eda la experiencia m\u00e1s all\u00e1 del mar.","og_url":"http:\/\/gosmarina.com\/english\/contacto\/","og_site_name":"Gos Marina","article_modified_time":"2026-04-13T20:34:43+00:00","twitter_card":"summary_large_image","twitter_misc":{"Est. reading time":"1 minute"},"schema":{"@context":"https:\/\/schema.org","@graph":[{"@type":"WebPage","@id":"http:\/\/gosmarina.com\/contacto\/","url":"http:\/\/gosmarina.com\/contacto\/","name":"Contacto - Gos Marina","isPartOf":{"@id":"http:\/\/gosmarina.com\/#website"},"datePublished":"2026-04-08T23:18:57+00:00","dateModified":"2026-04-13T20:34:43+00:00","breadcrumb":{"@id":"http:\/\/gosmarina.com\/contacto\/#breadcrumb"},"inLanguage":"en-US","potentialAction":[{"@type":"ReadAction","target":["http:\/\/gosmarina.com\/contacto\/"]}]},{"@type":"BreadcrumbList","@id":"http:\/\/gosmarina.com\/contacto\/#breadcrumb","itemListElement":[{"@type":"ListItem","position":1,"name":"Portada","item":"https:\/\/gosmarina.com\/"},{"@type":"ListItem","position":2,"name":"Contacto"}]},{"@type":"WebSite","@id":"http:\/\/gosmarina.com\/#website","url":"http:\/\/gosmarina.com\/","name":"Gos Marina","description":"Yacht Marina","publisher":{"@id":"http:\/\/gosmarina.com\/#organization"},"potentialAction":[{"@type":"SearchAction","target":{"@type":"EntryPoint","urlTemplate":"http:\/\/gosmarina.com\/?s={search_term_string}"},"query-input":{"@type":"PropertyValueSpecification","valueRequired":true,"valueName":"search_term_string"}}],"inLanguage":"en-US"},{"@type":"Organization","@id":"http:\/\/gosmarina.com\/#organization","name":"Gos Marina","url":"http:\/\/gosmarina.com\/","logo":{"@type":"ImageObject","inLanguage":"en-US","@id":"http:\/\/gosmarina.com\/#\/schema\/logo\/image\/","url":"http:\/\/gosmarina.com\/wp-content\/uploads\/2022\/10\/gosmarina-isotipo-02.png","contentUrl":"http:\/\/gosmarina.com\/wp-content\/uploads\/2022\/10\/gosmarina-isotipo-02.png","width":702,"height":1556,"caption":"Gos Marina"},"image":{"@id":"http:\/\/gosmarina.com\/#\/schema\/logo\/image\/"}}]}},"_links":{"self":[{"href":"http:\/\/gosmarina.com\/english\/wp-json\/wp\/v2\/pages\/1444","targetHints":{"allow":["GET"]}}],"collection":[{"href":"http:\/\/gosmarina.com\/english\/wp-json\/wp\/v2\/pages"}],"about":[{"href":"http:\/\/gosmarina.com\/english\/wp-json\/wp\/v2\/types\/page"}],"author":[{"embeddable":true,"href":"http:\/\/gosmarina.com\/english\/wp-json\/wp\/v2\/users\/1"}],"replies":[{"embeddable":true,"href":"http:\/\/gosmarina.com\/english\/wp-json\/wp\/v2\/comments?post=1444"}],"version-history":[{"count":25,"href":"http:\/\/gosmarina.com\/english\/wp-json\/wp\/v2\/pages\/1444\/revisions"}],"predecessor-version":[{"id":1680,"href":"http:\/\/gosmarina.com\/english\/wp-json\/wp\/v2\/pages\/1444\/revisions\/1680"}],"wp:attachment":[{"href":"http:\/\/gosmarina.com\/english\/wp-json\/wp\/v2\/media?parent=1444"}],"curies":[{"name":"wp","href":"https:\/\/api.w.org\/{rel}","templated":true}]}}